{"id":819,"date":"2025-09-20T09:43:24","date_gmt":"2025-09-20T07:43:24","guid":{"rendered":"https:\/\/fiedler-michael.de\/Ticketshop\/?page_id=819"},"modified":"2025-09-20T09:52:23","modified_gmt":"2025-09-20T07:52:23","slug":"faq-wichtige-hinweise-ehemaliges-kundenkonto","status":"publish","type":"page","link":"https:\/\/fiedler-michael.de\/Ticketshop\/faq-wichtige-hinweise-ehemaliges-kundenkonto\/","title":{"rendered":"FAQ \u2013 Kundenkonto"},"content":{"rendered":"\n<h3 class=\"wp-block-heading\">\u2753 Warum kann ich mich nicht mehr einloggen?<\/h3>\n\n\n\n<p>Unser Ticketshop wurde technisch komplett neu aufgebaut. In diesem neuen System gibt es <strong>keine Kundenkonten mehr<\/strong>. Du brauchst also keine Zugangsdaten und kein Passwort.<\/p>\n\n\n\n<hr class=\"wp-block-separator has-alpha-channel-opacity\"\/>\n\n\n\n<h3 class=\"wp-block-heading\">\u2753 Was ist mit meinem alten Kundenkonto passiert?<\/h3>\n\n\n\n<p>Alle bisherigen Kundenkonten aus dem alten Shop wurden <strong>nicht \u00fcbernommen<\/strong>. Das bedeutet: Deine fr\u00fcheren Login-Daten sind nicht mehr g\u00fcltig.<\/p>\n\n\n\n<hr class=\"wp-block-separator has-alpha-channel-opacity\"\/>\n\n\n\n<h3 class=\"wp-block-heading\">\u2753 Muss ich mich jetzt registrieren, um Tickets zu bestellen?<\/h3>\n\n\n\n<p>Nein. Du kannst Tickets <strong>ganz einfach ohne Registrierung<\/strong> bestellen. Daf\u00fcr ben\u00f6tigen wir nur folgende Angaben:<\/p>\n\n\n\n<ul class=\"wp-block-list\">\n<li>Vorname &amp; Nachname<\/li>\n\n\n\n<li>Telefonnummer<\/li>\n\n\n\n<li>E-Mail-Adresse (f\u00fcr die Bestellbest\u00e4tigung und die Tickets)<\/li>\n<\/ul>\n\n\n\n<hr class=\"wp-block-separator has-alpha-channel-opacity\"\/>\n\n\n\n<h3 class=\"wp-block-heading\">\u2753 Warum wurde das System umgestellt?<\/h3>\n\n\n\n<p>Das neue Shopsystem macht den Bestellprozess f\u00fcr Dich <strong>schneller, einfacher und sicherer<\/strong>. Du sparst Dir die Konto-Anmeldung und kommst noch bequemer zu Deinen Tickets.<\/p>\n\n\n\n<hr class=\"wp-block-separator has-alpha-channel-opacity\"\/>\n\n\n\n<h3 class=\"wp-block-heading\">\u2753 Werden meine Daten weiterhin gesch\u00fctzt?<\/h3>\n\n\n\n<p>Ja. Wir speichern nur die unbedingt notwendigen Daten f\u00fcr Deine Bestellung und Ticketzustellung. Deine Daten werden gem\u00e4\u00df der DSGVO vertraulich behandelt.<\/p>\n\n\n\n<hr class=\"wp-block-separator has-alpha-channel-opacity\"\/>\n\n\n\n<p>\ud83d\udc49 <strong>Tipp:<\/strong> Falls Du den Shop \u00fcber ein Lesezeichen \u00f6ffnest kannst Du das alte Login-Feld dort nicht mehr finden. Bitte bestell Deine Tickets direkt \u00fcber unseren <a href=\"https:\/\/fiedler-michael.de\/Ticketshop\" data-type=\"link\" data-id=\"https:\/\/fiedler-michael.de\/Ticketshop\">neuen Ticketshop<\/a>.<\/p>\n\n\n\n<p><\/p>\n","protected":false},"excerpt":{"rendered":"<p>\u2753 Warum kann ich mich nicht mehr einloggen? Unser Ticketshop wurde technisch komplett neu aufgebaut. In diesem neuen System gibt [&hellip;]<\/p>\n","protected":false},"author":2,"featured_media":0,"parent":0,"menu_order":0,"comment_status":"closed","ping_status":"closed","template":"","meta":{"site-sidebar-layout":"default","site-content-layout":"","ast-site-content-layout":"default","site-content-style":"default","site-sidebar-style":"default","ast-global-header-display":"","ast-banner-title-visibility":"","ast-main-header-display":"","ast-hfb-above-header-display":"","ast-hfb-below-header-display":"","ast-hfb-mobile-header-display":"","site-post-title":"","ast-breadcrumbs-content":"","ast-featured-img":"","footer-sml-layout":"","ast-disable-related-posts":"","theme-transparent-header-meta":"","adv-header-id-meta":"","stick-header-meta":"","header-above-stick-meta":"","header-main-stick-meta":"","header-below-stick-meta":"","astra-migrate-meta-layouts":"default","ast-page-background-enabled":"default","ast-page-background-meta":{"desktop":{"background-color":"var(--ast-global-color-5)","background-image":"","background-repeat":"repeat","background-position":"center center","background-size":"auto","background-attachment":"scroll","background-type":"","background-media":"","overlay-type":"","overlay-color":"","overlay-opacity":"","overlay-gradient":""},"tablet":{"background-color":"","background-image":"","background-repeat":"repeat","background-position":"center center","background-size":"auto","background-attachment":"scroll","background-type":"","background-media":"","overlay-type":"","overlay-color":"","overlay-opacity":"","overlay-gradient":""},"mobile":{"background-color":"","background-image":"","background-repeat":"repeat","background-position":"center center","background-size":"auto","background-attachment":"scroll","background-type":"","background-media":"","overlay-type":"","overlay-color":"","overlay-opacity":"","overlay-gradient":""}},"ast-content-background-meta":{"desktop":{"background-color":"var(--ast-global-color-4)","background-image":"","background-repeat":"repeat","background-position":"center center","background-size":"auto","background-attachment":"scroll","background-type":"","background-media":"","overlay-type":"","overlay-color":"","overlay-opacity":"","overlay-gradient":""},"tablet":{"background-color":"var(--ast-global-color-4)","background-image":"","background-repeat":"repeat","background-position":"center center","background-size":"auto","background-attachment":"scroll","background-type":"","background-media":"","overlay-type":"","overlay-color":"","overlay-opacity":"","overlay-gradient":""},"mobile":{"background-color":"var(--ast-global-color-4)","background-image":"","background-repeat":"repeat","background-position":"center center","background-size":"auto","background-attachment":"scroll","background-type":"","background-media":"","overlay-type":"","overlay-color":"","overlay-opacity":"","overlay-gradient":""}},"footnotes":""},"class_list":["post-819","page","type-page","status-publish","hentry"],"_links":{"self":[{"href":"https:\/\/fiedler-michael.de\/Ticketshop\/wp-json\/wp\/v2\/pages\/819","targetHints":{"allow":["GET"]}}],"collection":[{"href":"https:\/\/fiedler-michael.de\/Ticketshop\/wp-json\/wp\/v2\/pages"}],"about":[{"href":"https:\/\/fiedler-michael.de\/Ticketshop\/wp-json\/wp\/v2\/types\/page"}],"author":[{"embeddable":true,"href":"https:\/\/fiedler-michael.de\/Ticketshop\/wp-json\/wp\/v2\/users\/2"}],"replies":[{"embeddable":true,"href":"https:\/\/fiedler-michael.de\/Ticketshop\/wp-json\/wp\/v2\/comments?post=819"}],"version-history":[{"count":2,"href":"https:\/\/fiedler-michael.de\/Ticketshop\/wp-json\/wp\/v2\/pages\/819\/revisions"}],"predecessor-version":[{"id":821,"href":"https:\/\/fiedler-michael.de\/Ticketshop\/wp-json\/wp\/v2\/pages\/819\/revisions\/821"}],"wp:attachment":[{"href":"https:\/\/fiedler-michael.de\/Ticketshop\/wp-json\/wp\/v2\/media?parent=819"}],"curies":[{"name":"wp","href":"https:\/\/api.w.org\/{rel}","templated":true}]}}