{"id":35,"date":"2025-08-14T17:40:26","date_gmt":"2025-08-14T15:40:26","guid":{"rendered":"https:\/\/fiedler-michael.de\/Ticketshop\/agb\/"},"modified":"2025-09-04T02:39:38","modified_gmt":"2025-09-04T00:39:38","slug":"agb","status":"publish","type":"page","link":"https:\/\/fiedler-michael.de\/Ticketshop\/agb\/","title":{"rendered":"AGB"},"content":{"rendered":"\n<h1 class=\"wp-block-heading\">Allgemeine Gesch\u00e4ftsbedingungen mit Kundeninformationen<\/h1>\n\n\n\n<ol class=\"wp-block-list\">\n<li>\u00adGeltungsbereich<\/li>\n\n\n\n<li>Zahlungsmodalit\u00e4ten<\/li>\n\n\n\n<li>Vertragsbeziehung<\/li>\n\n\n\n<li>Anspruch auf Leistung<\/li>\n\n\n\n<li>Bestimmungen zur Nutzung der Webseite<\/li>\n\n\n\n<li>Verbot kommerziellen Gebrauchs<\/li>\n\n\n\n<li>Reklamationen<\/li>\n\n\n\n<li>R\u00fccknahme von Tickets<\/li>\n\n\n\n<li>Verlegung\/Absage von Veranstaltungen<\/li>\n\n\n\n<li>Leistungsst\u00f6rungen<\/li>\n\n\n\n<li>Schadensersatzhaftung des Verk\u00e4ufers<\/li>\n\n\n\n<li>Durchf\u00fchrung von Veranstaltungen<\/li>\n\n\n\n<li>Haftung\/Haftungsbegrenzung<\/li>\n\n\n\n<li>Speicherung von Daten\/Datenschutz<\/li>\n\n\n\n<li>Datenschutz\/Widerruf<\/li>\n\n\n\n<li>Anwendbares Recht<\/li>\n\n\n\n<li>Erf\u00fcllungsort\/Gerichtsstand<\/li>\n<\/ol>\n\n\n\n<p><strong>1. Geltungsbereich<\/strong><\/p>\n\n\n\n<p>Diese Allgemeinen Gesch\u00e4ftsbedingungen (nachfolgend &#8220;AGB&#8221;) des Michael Fiedler, handelnd unter &#8220;MiFi Ticketshop&#8221; (nachfolgend &#8220;Verk\u00e4ufer&#8221;), gelten f\u00fcr den Verkauf von Eintrittskarten f\u00fcr Veranstaltungen. Diese gelten f\u00fcr das gesamt Onlineangebot unter <a href=\"https:\/\/fiedler-michael.de\/Ticketshop\" data-type=\"link\" data-id=\"https:\/\/fiedler-michael.de\/Ticketshop\">https:\/\/fiedler-michael.de\/Ticketshop<\/a>, sowie den Verkauf im Einzelhandel.<\/p>\n\n\n\n<p>Mit der Durchf\u00fchrung eines Bestellvorgangs auf der Webseite des Verk\u00e4ufers, mit oder ohne vorherige Registrierung oder nur durch die Registrierung auf der Webseite, erkennt der Kunde die G\u00fcltigkeit der vorliegenden Allgemeinen Gesch\u00e4ftsbedingungen an.<\/p>\n\n\n\n<p><strong>2. Zahlungsmodalit\u00e4ten<\/strong><\/p>\n\n\n\n<p>2.1 Tickets k\u00f6nnen im Einzelhandel entsprechend des Zahlungsangebots des Einzelh\u00e4ndlers bezahlt werden, im Internet per Paypal, Kreditkarte oder Bank\u00fcberweisung.<br>Bank\u00fcberweisungen werden bis 7 Tage vor dem Veranstaltungstag angeboten.<\/p>\n\n\n\n<p>2.2 Die Tickets bleiben bis zur vollst\u00e4ndigen Bezahlung Eigentum des Verk\u00e4ufers.<\/p>\n\n\n\n<p>2.3 Bei der Abgabe eines Angebots \u00fcber das Online-Bestellformular des Verk\u00e4ufers wird der Vertragstext nach dem Vertragsschluss vom Verk\u00e4ufer gespeichert und dem Kunden nach Absendung von dessen Bestellung in Textform per E-Mail \u00fcbermittelt. Eine dar\u00fcberhinausgehende Zug\u00e4nglichmachung des Vertragstextes durch den Verk\u00e4ufer erfolgt nicht. Sofern der Kunde vor Absendung seiner Bestellung ein Nutzerkonto im Online-Shop des Verk\u00e4ufers eingerichtet hat, werden die Bestelldaten auf der Website des Verk\u00e4ufers archiviert und k\u00f6nnen vom Kunden \u00fcber dessen passwortgesch\u00fctztes Nutzerkonto unter Angabe der entsprechenden Login-Daten kostenlos abgerufen werden.<\/p>\n\n\n\n<p>2.4 Vor verbindlicher Abgabe der Bestellung \u00fcber das Online-Bestellformular des Verk\u00e4ufers kann der Kunde m\u00f6gliche Eingabefehler durch aufmerksames Lesen der auf dem Bildschirm dargestellten Informationen erkennen. Ein wirksames technisches Mittel zur besseren Erkennung von Eingabefehlern kann dabei die Vergr\u00f6\u00dferungsfunktion des Browsers sein, mit deren Hilfe die Darstellung auf dem Bildschirm vergr\u00f6\u00dfert wird. Seine Eingaben kann der Kunde im Rahmen des elektronischen Bestellprozesses so lange \u00fcber die \u00fcblichen Tastatur- und Mausfunktionen korrigieren, bis er den Bestellvorgang abschlie\u00dfenden Button anklickt.<\/p>\n\n\n\n<p>2.5 Die Bestellabwicklung und Kontaktaufnahme finden in der Regel per E-Mail und automatisierter Bestellabwicklung statt. Der Kunde hat sicherzustellen, dass die von ihm zur Bestellabwicklung angegebene E-Mail-Adresse zutreffend ist, so dass unter dieser Adresse die vom Verk\u00e4ufer versandten E-Mails empfangen werden k\u00f6nnen. Insbesondere hat der Kunde bei dem Einsatz von SPAM-Filtern sicherzustellen, dass alle vom Verk\u00e4ufer oder von diesem mit der Bestellabwicklung beauftragten Dritten versandten E-Mails zugestellt werden k\u00f6nnen.<\/p>\n\n\n\n<p>2.6 Das Zustandekommen des Vertrages \u00fcber den Ticketkauf richtet sich nach der gew\u00e4hlten Zahlungsart und der \u00dcbermittlungsform des Tickets.<\/p>\n\n\n\n<p>2.7 Der Versand von Tickets bedingt vorherige Bezahlung durch PayPal, Bank\u00fcberweisung oder sonstiger im Webshop verf\u00fcgbarer Zahlarten. Mit Gutschrift des Kaufpreises bei dem Verk\u00e4ufer ist der Vertrag geschlossen.<\/p>\n\n\n\n<p>2.8 Bei Bestellung im Internet handelt es sich um ein elektronisches Ticket, das nach dem Bestellvorgang und Bezahlvorgang am kundeneigenen Drucker ausgedruckt werden kann.<br>Das elektronische Tickt, muss aber nicht zwingend in Papierform vorliegen und kann auch auf dem Smartphone, Tablet oder anderen geeigneten elektronischen Ger\u00e4ten vorgezeigt werden. Der einmalig verwertbare Barcode auf dem Ticket wird am Veranstaltungstag am Einlass elektronisch durch Barcode-Scanner entwertet. Das Ticket berechtigt zum Zutritt zur Veranstaltung, wenn sich der Kunde bei Vorlage als Nutzungsberechtigter ausweist. Weitere Ticketkopien berechtigen nicht zum Zutritt zur Veranstaltung.<br>&nbsp;<\/p>\n\n\n\n<p><strong>3. Vertragsbeziehung<\/strong><\/p>\n\n\n\n<p>Durch den Erwerb der Eintrittskarte kommen vertragliche Beziehungen im Hinblick auf den Veranstaltungsbesuch ausschlie\u00dflich zwischen dem jeweiligen Ticket-K\u00e4ufer (Kunden) und dem jeweiligen Veranstalter zustande.<br>&nbsp;<\/p>\n\n\n\n<p><strong>4. Anspruch auf Leistung<\/strong><\/p>\n\n\n\n<p>Mit dem alleinigen bestellen von Eintrittskarten hat der Kunde keinen Anspruch auf die jeweiligen Karten.<br>&nbsp;<\/p>\n\n\n\n<p><strong>5. Bestimmungen zur Nutzung der Webseite<\/strong><\/p>\n\n\n\n<p>5.1 Das Angebot von MiFi Ticketshop richtet sich ausschlie\u00dflich an vollj\u00e4hrige Personen.<br>Der Kunde, der Tickets \u00fcber den MiFi Ticketshop online erwerben m\u00f6chte, muss sich registrieren. Die Registrierung selbst verpflichtet nicht zum Kauf von Tickets und nicht zur Offenlegung von Zahlungsmodalit\u00e4ten. Der Kunde sichert zu, dass alle von ihm bei der Registrierung angegebenen Daten wahr und vollst\u00e4ndig sind und er zur Verf\u00fcgung, \u00fcber die von ihm beim Bestellvorgang angegebenen Zahlungsmittel berechtigt ist. Die Registrierung wird durch die Verifizierung des Passwortes durch den Kunden vervollst\u00e4ndigt.<\/p>\n\n\n\n<p>5.2 Der Kunde ist verpflichtet, sein Passwort geheim zu halten und nicht an Dritte weiterzugeben. Das Passwort kann im Kundenkonto vom Kunden jederzeit ge\u00e4ndert werden. Er hat den Verk\u00e4ufer unverz\u00fcglich in Kenntnis zu setzen, wenn er von einer unbefugten Nutzung seines Kundenkontos erf\u00e4hrt oder eine solche vermutet. Der Kunde haftet f\u00fcr jeglichen Missbrauch der von ihm geheim zu haltenden Zugangsdaten.<\/p>\n\n\n\n<p>5.3 Der Kunde verpflichtet sich, nicht durch technische Eingriffe das ordnungsgem\u00e4\u00dfe Funktionieren der Website des MiFi Ticketshops zu st\u00f6ren. Das Setzen von Deep-Links und das Framing sind nur mit vorheriger Zustimmung des Verk\u00e4ufers gestattet.<br>&nbsp;<\/p>\n\n\n\n<p><strong>6. Verbot kommerziellen Gebrauchs<\/strong><\/p>\n\n\n\n<p>6.1 Der gewerbliche Wiederverkauf von Tickets und Gutscheinen ist untersagt.<\/p>\n\n\n\n<p>6.2 Tickets d\u00fcrfen privat nicht zu einem h\u00f6heren Preis als dem aufgedruckten Ticketpreis zuz\u00fcglich Geb\u00fchren, die beim Erwerb der Tickets berechnet wurden, verkauft werden. Tickets d\u00fcrfen privat auch nicht \u00fcber Internet-Auktionsh\u00e4user oder Internet-Ticketb\u00f6rsen ver\u00e4u\u00dfert werden.<\/p>\n\n\n\n<p>6.3 Der Verk\u00e4ufer beh\u00e4lt sich das Recht vor, den Zugang zur Nutzung der Website des MiFi Ticketshops zu sperren oder Ticketbestellungen nicht zu akzeptieren, wenn der Verk\u00e4ufer den begr\u00fcndeten Verdacht hat, dass gegen diese Bestimmung versto\u00dfen wird. Der Verk\u00e4ufer weist daraufhin, dass der Verk\u00e4ufer, den Veranstalter \u00fcber Verst\u00f6\u00dfe gegen Weiterverkaufsverbote informiert und Veranstalter daraufhin \u00fcblicherweise wegen Vertragsversto\u00dfes den Zutritt der Karteninhaber zu der jeweiligen Veranstaltung versagen, mithin das Ticket seine G\u00fcltigkeit verliert.<br>&nbsp;<\/p>\n\n\n\n<p><strong>7. Reklamation<\/strong><\/p>\n\n\n\n<p>7.1 Der Kunde ist verpflichtet, den Verk\u00e4ufer unverz\u00fcglich zu benachrichtigen, wenn bestellte Tickets bei innerdeutschem Versand nicht innerhalb von 5 Werktagen nach Absendung der Bestellung eintreffen.<\/p>\n\n\n\n<p>7.2 Verloren gegangene Tickets werden nicht ersetzt.<br>&nbsp;<\/p>\n\n\n\n<p><strong>8. R\u00fccknahme von Tickets<\/strong><\/p>\n\n\n\n<p>Gem\u00e4\u00df \u00a7 312g Abs. 2 Nr. 9 BGB besteht ein Widerrufsrecht, soweit nichts anderes vereinbart ist, nicht bei Vertr\u00e4gen zur Erbringung von Dienstleistungen im Zusammenhang mit Freizeitbet\u00e4tigungen, wenn der Vertrag f\u00fcr die Erbringung einen spezifischen Termin oder Zeitraum vorsieht. Danach ist ein Widerrufsrecht auch bei Vertr\u00e4gen ausgeschlossen, die den Verkauf von Tickets f\u00fcr termingebundene Freizeitveranstaltungen zum Gegenstand haben.<br>Dies bedeutet, dass ein zweiw\u00f6chiges Widerrufs- und R\u00fcckgaberecht nicht besteht.<br><strong>Gekaufte Tickets werden grunds\u00e4tzlich nicht zur\u00fcckgenommen.<\/strong><\/p>\n\n\n\n<p><strong>9. Verlegung\/Absage von Veranstaltungen<\/strong><\/p>\n\n\n\n<p>9.1 Der Veranstalter beh\u00e4lt sich vor, Veranstaltungen aus wichtigem Grund, insbesondere bei Erkrankung von K\u00fcnstlern, an andere Orte oder Tage zu verlegen oder dem Kunden eine andere Veranstaltung anzubieten, die er selbst w\u00e4hlen kann. Gekaufte Tickets behalten ihre G\u00fcltigkeit; eine Erstattung ist auf F\u00e4lle beschr\u00e4nkt, in denen dem Kunden der Besuch des neuen Termins unzumutbar ist.<\/p>\n\n\n\n<p>9.2 Bei Absage einer Veranstaltung werden die Eintrittspreise ohne System-, bzw. Servicegeb\u00fchren erstattet.<br>&nbsp;<\/p>\n\n\n\n<p><strong>10. Leistungsst\u00f6rung<\/strong><\/p>\n\n\n\n<p>10.1 Der postalische Versand von Tickets erfolgt nur in Ausnahmef\u00e4llen und auf Kosten und Risiko des Kunden. Der Verk\u00e4ufer beh\u00e4lt sich vor, das Versandunternehmen nach freiem Ermessen auszuw\u00e4hlen.<\/p>\n\n\n\n<p>10.2 Der Verk\u00e4ufer ist nicht verpflichtet, dem Kunden abhanden gekommene oder zerst\u00f6rte Tickets zu ersetzen oder den Kaufpreis zu erstatten.<\/p>\n\n\n\n<p>10.3 Nach Zugang der per E-Mail versandten Auftragsbest\u00e4tigung und nach Zugang des Tickets ist der Kunde verpflichtet, die Bestellung und die gelieferten Tickets nach der gew\u00e4hlten Veranstaltung, Datum\/Uhrzeit der Veranstaltung, Veranstaltungsort und Anzahl der Tickets zu \u00fcberpr\u00fcfen. Bei fehlerhaft ausgestellten Tickets ist der Kunde verpflichtet, den Verk\u00e4ufer unverz\u00fcglich zu informieren. Der Verk\u00e4ufer wird sich in diesem Fall bem\u00fchen, dem Kunden den Zutritt zu der Veranstaltung nach seinen bei der Bestellung angegebenen Spezifikationen zu verschaffen. Sollte dies nicht m\u00f6glich sein (z.B. Veranstaltung ist zwischenzeitlich ausverkauft), ist der Kunde berechtigt, vom Ticketkauf zur\u00fcckzutreten. Erfolgt die Information an den Verk\u00e4ufer nicht unverz\u00fcglich, sind weitergehende Anspr\u00fcche des Kunden ausgeschlossen.<br>&nbsp;<\/p>\n\n\n\n<p><strong>11. Schadensersatzhaftung des Verk\u00e4ufers<\/strong><\/p>\n\n\n\n<p>Die Haftung des Verk\u00e4ufers auf Schadensersatz, ist auf F\u00e4lle vors\u00e4tzlicher oder grob fahrl\u00e4ssiger Pflichtverletzung beschr\u00e4nkt und im \u00dcbrigen ausgeschlossen. Die gesetzliche Haftung im Falle einer fahrl\u00e4ssigen Verletzung des Lebens, des K\u00f6rpers oder der Gesundheit bleibt unber\u00fchrt.<br>&nbsp;<\/p>\n\n\n\n<p><strong>12. Durchf\u00fchrung von Veranstaltungen<\/strong><\/p>\n\n\n\n<p>12.1 Der Verk\u00e4ufer haftet nicht f\u00fcr die Durchf\u00fchrung, den Ablauf, den Inhalt und die Qualit\u00e4t der jeweiligen Veranstaltung. Der Verk\u00e4ufer \u00fcbernimmt auch keine Gew\u00e4hr hinsichtlich der Richtigkeit und Vollst\u00e4ndigkeit der auf der MiFi Ticketshop -Website zur Veranstaltung auf Veranlassung Dritter mitgeteilten Angaben.<\/p>\n\n\n\n<p>12.2 Im Falle der Absage oder Verlegung von Veranstaltungen oder aus sonstigen Gr\u00fcnden nicht durchgef\u00fchrten Veranstaltungen bestehen etwaige Anspr\u00fcche des K\u00e4ufers nur gegen\u00fcber dem jeweiligen Veranstalter. Soweit im Einzelfall der Verk\u00e4ufer in Abstimmung mit dem Veranstalter die Abwicklung der Erstattung des Ticketpreises leistet, \u00fcbernimmt der Verk\u00e4ufer keine Haftung f\u00fcr den Ticketpreis.<br>Im Falle der Nichtdurchf\u00fchrung der Veranstaltung ist der Verk\u00e4ufer nicht verpflichtet, die Vorverkaufs- und Systemgeb\u00fchren zur\u00fcckzuerstatten.<br>&nbsp;<\/p>\n\n\n\n<p><strong>13. Haftung\/Haftungsbegrenzung<\/strong><\/p>\n\n\n\n<p>Der Verk\u00e4ufer und der Veranstalter haften nicht f\u00fcr Personen- und Sachsch\u00e4den.<br>&nbsp;<\/p>\n\n\n\n<p><strong>14. Speicherung von Daten\/Datenschutz<\/strong><\/p>\n\n\n\n<p>14.1 Der Verk\u00e4ufer speichert und verarbeitet die vom Kunden angegebenen Daten f\u00fcr die Zwecke der beiderseitigen Vertragserf\u00fcllung.<\/p>\n\n\n\n<p>14.2 Der Verk\u00e4ufer bzw. der Veranstalter d\u00fcrfen die Daten f\u00fcr die Zwecke eigener Veranstaltungsinformation verwenden. Der Kunde kann, dem jederzeit ohne Angabe von Gr\u00fcnden mit sofortiger Wirkung widersprechen.<\/p>\n\n\n\n<p>14.3 Details hierzu finden Sie in unserer Datenschutzerkl\u00e4rung: <a href=\"https:\/\/fiedler-michael.de\/Ticketshop\/datenschutzerklaerung\/\" data-type=\"link\" data-id=\"https:\/\/fiedler-michael.de\/Ticketshop\/datenschutzerklaerung\/\">https:\/\/fiedler-michael.de\/Ticketshop\/datenschutzerklaerung<\/a><br>\u00a0<\/p>\n\n\n\n<p><strong>15. Datenschutz\/Widerruf<\/strong><\/p>\n\n\n\n<p>15.1 MiFi Ticketshop benutzt ein sicheres Verfahren bei der Online-\u00dcbertragung von Kundendaten im Rahmen des Bestellvorgangs. Die personenbezogenen Daten k\u00f6nnen vom Verk\u00e4ufer an den jeweiligen Veranstalter und das Kreditkartenunternehmen sowie in den Zahlungsvorgang involvierte Banken \u00fcbermittelt werden. Der Verk\u00e4ufer beh\u00e4lt sich vor, personenbezogene Daten zum Zwecke der Vertragserf\u00fcllung zu speichern. Der Kunde kann Auskunft, \u00fcber die vom Verk\u00e4ufer von ihm gespeicherten Daten verlangen.<\/p>\n\n\n\n<p>15.2 Details hierzu finden Sie in unserer Datenschutzerkl\u00e4rung:\u00a0<a href=\"https:\/\/fiedler-michael.de\/Ticketshop\/datenschutzerklaerung\/\" data-type=\"link\" data-id=\"https:\/\/fiedler-michael.de\/Ticketshop\/datenschutzerklaerung\/\">https:\/\/fiedler-michael.de\/Ticketshop\/datenschutzerklaerung\/<\/a><br>\u00a0<\/p>\n\n\n\n<p><strong>16. Anwendbares Recht\/Fremde AGB<\/strong><\/p>\n\n\n\n<p>Auf alle Vertr\u00e4ge, die diesen Allgemeinen Gesch\u00e4ftsbedingungen unterliegen, findet ausschlie\u00dflich das Recht der Bundesrepublik Deutschland Anwendung. Andere Allgemeine Gesch\u00e4ftsbedingungen haben keine G\u00fcltigkeit.<br>&nbsp;<\/p>\n\n\n\n<p><strong>17. Erf\u00fcllungsort\/Gerichtsstand<\/strong><\/p>\n\n\n\n<p>Erf\u00fcllungsort f\u00fcr alle beiderseitigen Verpflichtungen ist Hofheim am Taunus.<\/p>\n\n\n\n<p>Hofheim am Taunus, 1.10.2024<\/p>\n\n\n\n<p class=\"has-text-align-center\">****************************************************************************************************<\/p>\n\n\n<div class=\"woocommerce woocommerce-gzd woocommerce-gzd-complaints-shortcode\">\n\t\t\t<h3>Alternative Streitbeilegung gem\u00e4\u00df Art. 14 Abs. 1 ODR-VO und \u00a7 36 VSBG:<\/h3>\n\t\nZur Teilnahme an einem Streitbeilegungsverfahren vor einer Verbraucherschlichtungsstelle sind wir nicht verpflichtet und nicht bereit.<\/div>\n","protected":false},"excerpt":{"rendered":"<p>Allgemeine Gesch\u00e4ftsbedingungen mit Kundeninformationen 1. Geltungsbereich Diese Allgemeinen Gesch\u00e4ftsbedingungen (nachfolgend &#8220;AGB&#8221;) des Michael Fiedler, handelnd unter &#8220;MiFi Ticketshop&#8221; (nachfolgend &#8220;Verk\u00e4ufer&#8221;), [&hellip;]<\/p>\n","protected":false},"author":2,"featured_media":0,"parent":0,"menu_order":0,"comment_status":"closed","ping_status":"closed","template":"","meta":{"site-sidebar-layout":"default","site-content-layout":"","ast-site-content-layout":"default","site-content-style":"default","site-sidebar-style":"default","ast-global-header-display":"","ast-banner-title-visibility":"","ast-main-header-display":"","ast-hfb-above-header-display":"","ast-hfb-below-header-display":"","ast-hfb-mobile-header-display":"","site-post-title":"","ast-breadcrumbs-content":"","ast-featured-img":"","footer-sml-layout":"","ast-disable-related-posts":"","theme-transparent-header-meta":"","adv-header-id-meta":"","stick-header-meta":"","header-above-stick-meta":"","header-main-stick-meta":"","header-below-stick-meta":"","astra-migrate-meta-layouts":"default","ast-page-background-enabled":"default","ast-page-background-meta":{"desktop":{"background-color":"var(--ast-global-color-5)","background-image":"","background-repeat":"repeat","background-position":"center center","background-size":"auto","background-attachment":"scroll","background-type":"","background-media":"","overlay-type":"","overlay-color":"","overlay-opacity":"","overlay-gradient":""},"tablet":{"background-color":"","background-image":"","background-repeat":"repeat","background-position":"center center","background-size":"auto","background-attachment":"scroll","background-type":"","background-media":"","overlay-type":"","overlay-color":"","overlay-opacity":"","overlay-gradient":""},"mobile":{"background-color":"","background-image":"","background-repeat":"repeat","background-position":"center center","background-size":"auto","background-attachment":"scroll","background-type":"","background-media":"","overlay-type":"","overlay-color":"","overlay-opacity":"","overlay-gradient":""}},"ast-content-background-meta":{"desktop":{"background-color":"var(--ast-global-color-4)","background-image":"","background-repeat":"repeat","background-position":"center center","background-size":"auto","background-attachment":"scroll","background-type":"","background-media":"","overlay-type":"","overlay-color":"","overlay-opacity":"","overlay-gradient":""},"tablet":{"background-color":"var(--ast-global-color-4)","background-image":"","background-repeat":"repeat","background-position":"center center","background-size":"auto","background-attachment":"scroll","background-type":"","background-media":"","overlay-type":"","overlay-color":"","overlay-opacity":"","overlay-gradient":""},"mobile":{"background-color":"var(--ast-global-color-4)","background-image":"","background-repeat":"repeat","background-position":"center center","background-size":"auto","background-attachment":"scroll","background-type":"","background-media":"","overlay-type":"","overlay-color":"","overlay-opacity":"","overlay-gradient":""}},"footnotes":""},"class_list":["post-35","page","type-page","status-publish","hentry"],"_links":{"self":[{"href":"https:\/\/fiedler-michael.de\/Ticketshop\/wp-json\/wp\/v2\/pages\/35","targetHints":{"allow":["GET"]}}],"collection":[{"href":"https:\/\/fiedler-michael.de\/Ticketshop\/wp-json\/wp\/v2\/pages"}],"about":[{"href":"https:\/\/fiedler-michael.de\/Ticketshop\/wp-json\/wp\/v2\/types\/page"}],"author":[{"embeddable":true,"href":"https:\/\/fiedler-michael.de\/Ticketshop\/wp-json\/wp\/v2\/users\/2"}],"replies":[{"embeddable":true,"href":"https:\/\/fiedler-michael.de\/Ticketshop\/wp-json\/wp\/v2\/comments?post=35"}],"version-history":[{"count":5,"href":"https:\/\/fiedler-michael.de\/Ticketshop\/wp-json\/wp\/v2\/pages\/35\/revisions"}],"predecessor-version":[{"id":641,"href":"https:\/\/fiedler-michael.de\/Ticketshop\/wp-json\/wp\/v2\/pages\/35\/revisions\/641"}],"wp:attachment":[{"href":"https:\/\/fiedler-michael.de\/Ticketshop\/wp-json\/wp\/v2\/media?parent=35"}],"curies":[{"name":"wp","href":"https:\/\/api.w.org\/{rel}","templated":true}]}}